{"id":24621,"date":"2025-01-02T17:57:59","date_gmt":"2025-01-02T16:57:59","guid":{"rendered":"https:\/\/www.oldie-team.ch\/boswil\/?page_id=24621"},"modified":"2025-01-03T21:08:19","modified_gmt":"2025-01-03T20:08:19","slug":"datenschutzerklaerung","status":"publish","type":"page","link":"https:\/\/www.oldie-team.ch\/boswil\/datenschutzerklaerung\/","title":{"rendered":"Datenschutzerkl\u00e4rung"},"content":{"rendered":"\n<h2 class=\"wp-block-heading\">Wer wir sind<\/h2>\n\n\n\n<p>Oldie Team Boswil<br>5623 Boswil<br>Schweiz<br><strong>E-Mail<\/strong>:&nbsp;p&#111;&#115;&#x74;&#x6d;&#x61;st&#101;&#114;&#x40;&#x6f;&#x6c;d&#105;&#101;&#45;&#x74;&#x65;&#x61;m&#46;&#99;&#x68;<\/p>\n\n\n\n<p><strong>Vertretungsberechtigte Personen<\/strong><br>Selina Christen<\/p>\n\n\n\n<p><strong>Datenschutzbeauftragte Person:<\/strong><br>Selina Christen<\/p>\n\n\n\n<h2 class=\"wp-block-heading\">Allgemein<\/h2>\n\n\n\n<p>Gest\u00fctzt auf Artikel 13 der Schweizerischen Bundesverfassung und die datenschutzrechtlichen Bestimmungen des Bundes (Datenschutzgesetz, DSG) hat jede Person Anspruch auf Schutz ihrer Privatsph\u00e4re sowie auf Schutz vor Missbrauch ihrer pers\u00f6nlichen Daten. Die Betreiber dieser Seiten nehmen den Schutz Ihrer pers\u00f6nlichen Daten sehr ernst. Wir behandeln Ihre personenbezogenen Daten vertraulich und entsprechend der gesetzlichen Datenschutzvorschriften sowie dieser Datenschutzerkl\u00e4rung.<\/p>\n\n\n\n<p>In Zusammenarbeit mit unseren Hosting-Providern bem\u00fchen wir uns, die Datenbanken so gut wie m\u00f6glich vor unberechtigtem Zugriff, Verlust, Missbrauch oder Verf\u00e4lschung zu sch\u00fctzen.<\/p>\n\n\n\n<p>Wir weisen darauf hin, dass die Daten\u00fcbertragung im Internet (z.B. bei der Kommunikation per E-Mail) Sicherheitsl\u00fccken aufweisen kann. Ein l\u00fcckenloser Schutz der Daten vor dem Zugriff durch Dritte ist nicht m\u00f6glich.<\/p>\n\n\n\n<p>Durch die Nutzung dieser Website erkl\u00e4ren Sie sich mit der Erhebung, Verarbeitung und Nutzung von Daten gem\u00e4ss der nachfolgenden Beschreibung einverstanden. Diese Website kann grunds\u00e4tzlich ohne Registrierung besucht werden. Daten wie aufgerufene Seiten oder Namen von aufgerufenen Dateien, Datum und Uhrzeit werden zu statistischen Zwecken auf dem Server gespeichert, ohne dass diese Daten unmittelbar auf Ihre Person bezogen werden. Soweit auf unseren Seiten personenbezogene Daten (beispielsweise Name, Anschrift oder eMail-Adressen) erhoben werden, erfolgt dies, soweit m\u00f6glich, stets auf freiwilliger Basis. Diese Daten werden ohne Ihre ausdr\u00fcckliche Zustimmung nicht an Dritte weitergegeben.<\/p>\n\n\n\n<h2 class=\"wp-block-heading\">Verarbeitung personenbezogener Daten<\/h2>\n\n\n\n<p>Personenbezogene Daten sind alle Informationen, die sich auf eine identifizierte oder identifizierbare Person beziehen. Eine betroffene Person ist eine Person, \u00fcber die personenbezogene Daten verarbeitet werden. Die Verarbeitung umfasst jeden Umgang mit personenbezogenen Daten, unabh\u00e4ngig von den verwendeten Mitteln und Verfahren, insbesondere die Speicherung, Weitergabe, Beschaffung, L\u00f6schung, Aufbewahrung, Ver\u00e4nderung, Vernichtung und Verwendung personenbezogener Daten.<\/p>\n\n\n\n<p>Wir verarbeiten personenbezogene Daten in \u00dcbereinstimmung mit dem Schweizer Datenschutzrecht. Sofern und soweit die EU-DSGVO anwendbar ist, verarbeiten wir personenbezogene Daten dar\u00fcber hinaus auf folgenden Rechtsgrundlagen in Verbindung mit Art. 6 (1) GDPR:<br>lit. a) Verarbeitung personenbezogener Daten mit Einwilligung der betroffenen Person.<br>lit. b) Verarbeitung personenbezogener Daten zur Erf\u00fcllung eines Vertrages mit der betroffenen Person sowie zur Durchf\u00fchrung entsprechender vorvertraglicher Massnahmen.<br>lit. c) Verarbeitung personenbezogener Daten zur Erf\u00fcllung einer rechtlichen Verpflichtung, der wir nach geltendem Recht der EU oder nach geltendem Recht eines Landes, in dem die GDPR ganz oder teilweise anwendbar ist, unterliegen.<br>lit. d) Verarbeitung personenbezogener Daten zur Wahrung lebenswichtiger Interessen der betroffenen Person oder einer anderen nat\u00fcrlichen Person.<br>lit. f) Verarbeitung personenbezogener Daten zur Wahrung der berechtigten Interessen von uns oder von Dritten, sofern nicht die Grundfreiheiten und Rechte und Interessen der betroffenen Person \u00fcberwiegen. Zu den berechtigten Interessen geh\u00f6ren insbesondere unser gesch\u00e4ftliches Interesse, unsere Website bereitstellen zu k\u00f6nnen, die Informationssicherheit, die Durchsetzung eigener Rechtsanspr\u00fcche und die Einhaltung des schweizerischen Rechts.<\/p>\n\n\n\n<p>Wir verarbeiten personenbezogene Daten f\u00fcr die Dauer, die f\u00fcr den jeweiligen Zweck oder die jeweiligen Zwecke erforderlich ist. Bei l\u00e4ngerfristigen Aufbewahrungspflichten aufgrund gesetzlicher und anderer Verpflichtungen, denen wir unterliegen, schr\u00e4nken wir die Bearbeitung entsprechend ein.<\/p>\n\n\n\n<h2 class=\"wp-block-heading\">Dienste von Drittanbietern<\/h2>\n\n\n\n<p>Diese Website kann Google Maps zur Einbettung von Karten, Google Invisible reCAPTCHA zum Schutz vor Bots und Spam und YouTube zur Einbettung von Videos nutzen.<\/p>\n\n\n\n<p>Diese Dienste der amerikanischen Google LLC verwenden u.a. Cookies, wodurch Daten an Google in die USA \u00fcbertragen werden, wobei wir davon ausgehen, dass in diesem Zusammenhang allein durch die Nutzung unserer Website kein personenbezogenes Tracking stattfindet.<\/p>\n\n\n\n<p>Google hat sich verpflichtet, einen angemessenen Datenschutz gem\u00e4ss dem US-amerikanisch-europ\u00e4ischen und dem US-amerikanisch-schweizerischen Privacy Shield zu gew\u00e4hrleisten.<\/p>\n\n\n\n<p>Weitere Informationen finden Sie in den Datenschutzbestimmungen von Google.<\/p>\n\n\n\n<h2 class=\"wp-block-heading\">Kontaktformular<\/h2>\n\n\n\n<p>Wenn Sie uns per Kontaktformular Anfragen zukommen lassen, werden Ihre Angaben aus dem Anfrageformular inklusive der von Ihnen dort angegebenen Kontaktdaten zwecks Bearbeitung der Anfrage und f\u00fcr den Fall von Anschlussfragen bei uns gespeichert. Diese Daten geben wir nicht ohne Ihre Einwilligung weiter.<\/p>\n\n\n\n<h2 class=\"wp-block-heading\">Kommentare<\/h2>\n\n\n\n<p>Wenn Besucher Kommentare auf der Website schreiben, sammeln wir die Daten, die im Kommentar-Formular angezeigt werden, au\u00dferdem die IP-Adresse des Besuchers und den User-Agent-String (damit wird der Browser identifiziert), um die Erkennung von Spam zu unterst\u00fctzen.<\/p>\n\n\n\n<p>Aus deiner E-Mail-Adresse kann eine anonymisierte Zeichenfolge erstellt (auch Hash genannt) und dem Gravatar-Dienst \u00fcbergeben werden, um zu pr\u00fcfen, ob du diesen benutzt. Die Datenschutzerkl\u00e4rung des Gravatar-Dienstes findest du hier: https:\/\/automattic.com\/privacy\/. Nachdem dein Kommentar freigegeben wurde, ist dein Profilbild \u00f6ffentlich im Kontext deines Kommentars sichtbar.<\/p>\n\n\n\n<h2 class=\"wp-block-heading\">Cookies<\/h2>\n\n\n\n<p>Wenn du einen Kommentar auf unserer Website schreibst, kann das eine Einwilligung sein, deinen Namen, E-Mail-Adresse und Website in Cookies zu speichern. Dies ist eine Komfortfunktion, damit du nicht, wenn du einen weiteren Kommentar schreibst, all diese Daten erneut eingeben musst. Diese Cookies werden ein Jahr lang gespeichert.<\/p>\n\n\n\n<h2 class=\"wp-block-heading\">Eingebettete Inhalte von anderen Websites<\/h2>\n\n\n\n<p>Beitr\u00e4ge auf dieser Website k\u00f6nnen eingebettete Inhalte beinhalten (z.&nbsp;B. Videos, Bilder, Beitr\u00e4ge etc.). Eingebettete Inhalte von anderen Websites verhalten sich exakt so, als ob der Besucher die andere Website besucht h\u00e4tte.<\/p>\n\n\n\n<p>Diese Websites k\u00f6nnen Daten \u00fcber dich sammeln, Cookies benutzen, zus\u00e4tzliche Tracking-Dienste von Dritten einbetten und deine Interaktion mit diesem eingebetteten Inhalt aufzeichnen, inklusive deiner Interaktion mit dem eingebetteten Inhalt, falls du ein Konto hast und auf dieser Website angemeldet bist.<\/p>\n\n\n\n<h2 class=\"wp-block-heading\">Wie lange wir deine Daten speichern<\/h2>\n\n\n\n<p>Wenn du einen Kommentar schreibst, wird dieser inklusive Metadaten zeitlich unbegrenzt gespeichert. Auf diese Art k\u00f6nnen wir Folgekommentare automatisch erkennen und freigeben, anstatt sie in einer Moderations-Warteschlange festzuhalten.<\/p>\n\n\n\n<h2 class=\"wp-block-heading\">Welche Rechte du an deinen Daten hast<\/h2>\n\n\n\n<p><strong>Recht auf Best\u00e4tigung<\/strong><br>Jede betroffene Person hat das Recht, vom Betreiber der Website eine Best\u00e4tigung dar\u00fcber zu verlangen, ob sie betreffende personenbezogene Daten verarbeitet werden. Wenn Sie dieses Best\u00e4tigungsrecht aus\u00fcben m\u00f6chten, k\u00f6nnen Sie sich jederzeit an den Datenschutzbeauftragten wenden.<\/p>\n\n\n\n<p><strong>Auskunftsrecht<\/strong><br>Jede von der Verarbeitung personenbezogener Daten betroffene Person hat das Recht, vom Betreiber dieser Website jederzeit unentgeltlich Auskunft \u00fcber die zu ihrer Person gespeicherten Daten und eine Kopie dieser Auskunft zu erhalten. Dar\u00fcber hinaus kann ggf. Auskunft \u00fcber Folgendes erteilt werden: Zwecke der VerarbeitungKategorien der verarbeiteten personenbezogenen DatenEmpf\u00e4nger, an die die personenbezogenen Daten weitergegeben wurden oder werdenwenn m\u00f6glich, die geplante Dauer der Speicherung der personenbezogenen Daten oder, falls dies nicht m\u00f6glich ist, die Kriterien f\u00fcr die Festlegung dieser Dauerdas Bestehen eines Rechts auf Berichtigung oder L\u00f6schung der sie betreffenden personenbezogenen Daten oder auf Einschr\u00e4nkung der Verarbeitung durch den f\u00fcr die Verarbeitung Verantwortlichen oder ein Recht auf Widerspruch gegen eine solche Verarbeitungdas Bestehen eines Beschwerderechts bei einer Aufsichtsbeh\u00f6rdewenn die personenbezogenen Daten nicht bei der betroffenen Person erhoben werden: Alle verf\u00fcgbaren Informationen \u00fcber die Herkunft der Daten.<br>Ausserdem hat die betroffene Person das Recht, dar\u00fcber informiert zu werden, ob personenbezogene Daten in ein Drittland oder an eine internationale Organisation \u00fcbermittelt worden sind. Ist dies der Fall, so hat die betroffene Person ausserdem das Recht, Auskunft \u00fcber die geeigneten Garantien im Zusammenhang mit der \u00dcbermittlung zu erhalten.<br>Wenn Sie von diesem Auskunftsrecht Gebrauch machen m\u00f6chten, k\u00f6nnen Sie sich jederzeit an unseren Datenschutzbeauftragten wenden.<\/p>\n\n\n\n<p><strong>Recht auf Berichtigung<\/strong><br>Jede von der Verarbeitung personenbezogener Daten betroffene Person hat das Recht, die unverz\u00fcgliche Berichtigung sie betreffender unrichtiger personenbezogener Daten zu verlangen. Dar\u00fcber hinaus hat die betroffene Person das Recht, unter Ber\u00fccksichtigung der Zwecke der Verarbeitung, die Vervollst\u00e4ndigung unvollst\u00e4ndiger personenbezogener Daten \u2013 auch mittels einer erg\u00e4nzenden Erkl\u00e4rung \u2013 zu verlangen.<br>Wenn Sie dieses Recht auf Berichtigung aus\u00fcben m\u00f6chten, k\u00f6nnen Sie sich jederzeit an unseren Datenschutzbeauftragten wenden.<\/p>\n\n\n\n<p><strong>Recht auf L\u00f6schung (Recht auf Vergessenwerden)<\/strong><br>Jede von der Verarbeitung personenbezogener Daten betroffene Person hat das Recht, von dem f\u00fcr die Verarbeitung Verantwortlichen dieser Website die unverz\u00fcgliche L\u00f6schung der sie betreffenden personenbezogenen Daten zu verlangen, sofern einer der folgenden Gr\u00fcnde zutrifft und die Verarbeitung nicht mehr erforderlich ist:<br>Die personenbezogenen Daten wurden f\u00fcr Zwecke erhoben oder auf sonstige Weise verarbeitet, f\u00fcr die sie nicht mehr erforderlich sind.<br>Die betroffene Person widerruft die Einwilligung, auf der die Verarbeitung beruhte, und es gibt keine andere Rechtsgrundlage f\u00fcr die Verarbeitung<br>Die betroffene Person legt aus Gr\u00fcnden, die sich aus ihrer besonderen Situation ergeben, Widerspruch gegen die Verarbeitung ein, und es liegen keine vorrangigen berechtigten Gr\u00fcnde f\u00fcr die Verarbeitung vor, oder die betroffene Person legt im Falle von Direktwerbung und damit verbundenem Profiling Widerspruch gegen die Verarbeitung ein<br>Die personenbezogenen Daten wurden unrechtm\u00e4ssig verarbeitet<br>Die L\u00f6schung der personenbezogenen Daten ist zur Erf\u00fcllung einer rechtlichen Verpflichtung nach dem Unionsrecht oder dem Recht der Mitgliedstaaten erforderlich, dem der f\u00fcr die Verarbeitung Verantwortliche unterliegt<br>Die personenbezogenen Daten wurden in Bezug auf angebotene Dienste der Informationsgesellschaft erhoben, die direkt an ein Kind gerichtet sind<br>Wenn einer der oben genannten Gr\u00fcnde zutrifft und Sie die L\u00f6schung von personenbezogenen Daten, die beim Betreiber dieser Website gespeichert sind, veranlassen m\u00f6chten, k\u00f6nnen Sie sich jederzeit an unseren Datenschutzbeauftragten wenden. Der Datenschutzbeauftragte dieser Website wird veranlassen, dass dem L\u00f6schverlangen unverz\u00fcglich nachgekommen wird.<\/p>\n\n\n\n<p><strong>Recht auf Einschr\u00e4nkung der Verarbeitung<\/strong><br>Jede von der Verarbeitung personenbezogener Daten betroffene Person hat das Recht, von dem f\u00fcr die Verarbeitung Verantwortlichen dieser Website die Einschr\u00e4nkung der Verarbeitung zu verlangen, wenn eine der folgenden Bedingungen erf\u00fcllt ist:<br>Die Richtigkeit der personenbezogenen Daten wird von der betroffenen Person bestritten, und zwar f\u00fcr einen Zeitraum, der es dem f\u00fcr die Verarbeitung Verantwortlichen erm\u00f6glicht, die Richtigkeit der personenbezogenen Daten zu \u00fcberpr\u00fcfen<br>Die Verarbeitung ist unrechtm\u00e4ssig, die betroffene Person legt Widerspruch gegen die L\u00f6schung der personenbezogenen Daten ein und verlangt stattdessen die Einschr\u00e4nkung der Nutzung der personenbezogenen Daten<br>Der f\u00fcr die Verarbeitung Verantwortliche ben\u00f6tigt die personenbezogenen Daten nicht mehr f\u00fcr die Zwecke der Verarbeitung, die betroffene Person ben\u00f6tigt sie jedoch f\u00fcr die Geltendmachung, Die betroffene Person hat aus Gr\u00fcnden, die sich aus ihrer besonderen Situation ergeben, Widerspruch gegen die Verarbeitung eingelegt, und es steht noch nicht fest, ob die berechtigten Interessen des Verantwortlichen gegen\u00fcber denen der betroffenen Person \u00fcberwiegen<br>Wenn eine der vorgenannten Voraussetzungen gegeben ist, k\u00f6nnen Sie sich jederzeit an unseren Datenschutzbeauftragten wenden, um die Einschr\u00e4nkung der Verarbeitung personenbezogener Daten beim Betreiber dieser Website zu verlangen. Der Datenschutzbeauftragte dieser Website wird die Einschr\u00e4nkung der Verarbeitung veranlassen.<\/p>\n\n\n\n<p><strong>Recht auf Daten\u00fcbertragbarkeit<\/strong><br>Jede von der Verarbeitung personenbezogener Daten betroffene Person hat das Recht, die sie betreffenden personenbezogenen Daten in einem strukturierten, g\u00e4ngigen und maschinenlesbaren Format zu erhalten. Dar\u00fcber hinaus hat die betroffene Person das Recht, zu erwirken, dass die personenbezogenen Daten direkt von einem f\u00fcr die Verarbeitung Verantwortlichen an einen anderen f\u00fcr die Verarbeitung Verantwortlichen \u00fcbermittelt werden, sofern dies technisch machbar ist und sofern dadurch nicht die Rechte und Freiheiten anderer Personen beeintr\u00e4chtigt werden.<br>Um das Recht auf Daten\u00fcbertragbarkeit geltend zu machen, k\u00f6nnen Sie sich jederzeit an den vom Betreiber dieser Website benannten Datenschutzbeauftragten wenden.<br>Ein Widerspruchsrecht<br>Jede von der Verarbeitung personenbezogener Daten betroffene Person hat das Recht, aus Gr\u00fcnden, die sich aus ihrer besonderen Situation ergeben, jederzeit gegen die Verarbeitung sie betreffender personenbezogener Daten Widerspruch einzulegen.<br>Der Betreiber dieser Website wird die personenbezogenen Daten im Falle des Widerspruchs nicht mehr verarbeiten, es sei denn, wir k\u00f6nnen zwingende schutzw\u00fcrdige Gr\u00fcnde f\u00fcr die Verarbeitung nachweisen, die die Interessen, Rechte und Freiheiten der betroffenen Person \u00fcberwiegen, oder die Verarbeitung dient der Geltendmachung, Aus\u00fcbung oder Verteidigung von Rechtsanspr\u00fcchen.<br>Um von Ihrem Widerspruchsrecht Gebrauch zu machen, k\u00f6nnen Sie sich direkt an den Datenschutzbeauftragten dieser Website wenden.<br>Recht auf Widerruf einer datenschutzrechtlichen Einwilligung<br>Jede von der Verarbeitung personenbezogener Daten betroffene Person hat das Recht, eine erteilte Einwilligung in die Verarbeitung personenbezogener Daten jederzeit zu widerrufen.<br>Wenn Sie von Ihrem Recht auf Widerruf einer Einwilligung Gebrauch machen m\u00f6chten, k\u00f6nnen Sie sich jederzeit an unseren Datenschutzbeauftragten wenden.<\/p>\n\n\n\n<h2 class=\"wp-block-heading\">Wohin wir deine Daten senden<\/h2>\n\n\n\n<p>Besucher-Kommentare k\u00f6nnten von einem automatisierten Dienst zur Spam-Erkennung untersucht werden.<\/p>\n\n\n\n<h2 class=\"wp-block-heading\">Urheberrechte<\/h2>\n\n\n\n<p>Das Urheberrecht und alle anderen Rechte an den Inhalten, Bildern, Fotos oder sonstigen Dateien auf der Website geh\u00f6ren ausschliesslich dem Betreiber dieser Website oder den namentlich genannten Rechteinhabern. F\u00fcr die Vervielf\u00e4ltigung s\u00e4mtlicher Dateien muss vorab die schriftliche Zustimmung der Urheberrechtsinhaber eingeholt werden.<br>Wer ohne Zustimmung der jeweiligen Urheberrechtsinhaber eine Urheberrechtsverletzung begeht, kann sich strafbar machen und unter Umst\u00e4nden Schadenersatzanspr\u00fcche geltend machen.<\/p>\n\n\n\n<h2 class=\"wp-block-heading\">Haftungsausschluss<\/h2>\n\n\n\n<p>Alle Angaben auf unserer Website wurden sorgf\u00e4ltig gepr\u00fcft. Wir sind bem\u00fcht, daf\u00fcr Sorge zu tragen, dass die von uns bereitgestellten Informationen aktuell, richtig und vollst\u00e4ndig sind. Dennoch ist das Auftreten von Fehlern nicht v\u00f6llig auszuschliessen, so dass wir f\u00fcr die Vollst\u00e4ndigkeit, Richtigkeit und Aktualit\u00e4t der Informationen, auch journalistisch-redaktioneller Art, keine Gew\u00e4hr \u00fcbernehmen k\u00f6nnen. Haftungsanspr\u00fcche, die sich auf Sch\u00e4den materieller oder ideeller Art beziehen, welche durch die Nutzung oder Nichtnutzung der dargebotenen Informationen bzw. durch die Nutzung fehlerhafter und unvollst\u00e4ndiger Informationen verursacht wurden, sind grunds\u00e4tzlich ausgeschlossen.<br>Der Herausgeber kann Texte nach eigenem Ermessen und ohne vorherige Ank\u00fcndigung \u00e4ndern oder l\u00f6schen und ist nicht dazu verpflichtet, die Inhalte dieser Website zu aktualisieren. Die Nutzung dieser Website bzw. der Zugang zu ihr erfolgt auf eigenes Risiko des Besuchers. Der Herausgeber, seine Kunden oder Partner sind nicht verantwortlich f\u00fcr Sch\u00e4den, wie z.B. direkte, indirekte, zuf\u00e4llige oder Folgesch\u00e4den, die angeblich durch den Besuch dieser Website verursacht wurden und \u00fcbernehmen folglich keine Haftung f\u00fcr solche Sch\u00e4den.<br>Der Herausgeber \u00fcbernimmt auch keine Verantwortung oder Haftung f\u00fcr den Inhalt und die Verf\u00fcgbarkeit von Websites Dritter, die \u00fcber externe Links von dieser Website aus erreicht werden k\u00f6nnen. F\u00fcr den Inhalt der verlinkten Seiten sind ausschliesslich deren Betreiber verantwortlich. Der Herausgeber distanziert sich daher ausdr\u00fccklich von allen fremden Inhalten, die m\u00f6glicherweise straf- oder haftungsrechtlich relevant sind oder gegen die guten Sitten verstossen.<\/p>\n\n\n\n<p>Der Autor \u00fcbernimmt keine Gew\u00e4hr f\u00fcr die Richtigkeit, Genauigkeit, Aktualit\u00e4t, Zuverl\u00e4ssigkeit und Vollst\u00e4ndigkeit der Informationen.<br>Haftungsanspr\u00fcche gegen den Autor wegen Sch\u00e4den materieller oder immaterieller Art, die aus dem Zugriff oder der Nutzung bzw. Nichtnutzung der ver\u00f6ffentlichten Informationen, durch Missbrauch der Verbindung oder durch technische St\u00f6rungen entstanden sind, werden ausgeschlossen.<\/p>\n\n\n\n<p>Alle Angebote sind freibleibend. Der Autor beh\u00e4lt es sich ausdr\u00fccklich vor, Teile der Seiten oder das gesamte Angebot ohne gesonderte Ank\u00fcndigung zu ver\u00e4ndern, zu erg\u00e4nzen, zu l\u00f6schen oder die Ver\u00f6ffentlichung zeitweise oder endg\u00fcltig einzustellen.<\/p>\n","protected":false},"excerpt":{"rendered":"<p>Wer wir sind Oldie Team Boswil5623 BoswilSchweizE-Mail:&nbsp;&#112;&#x6f;&#115;&#x74;&#109;&#x61;&#115;&#x74;&#101;&#x72;&#64;&#x6f;&#108;&#x64;&#105;&#x65;&#45;&#x74;&#101;&#x61;&#109;&#x2e;&#99;&#x68; Vertretungsberechtigte PersonenSelina Christen Datenschutzbeauftragte Person:Selina Christen Allgemein Gest\u00fctzt auf Artikel 13 der Schweizerischen Bundesverfassung und die datenschutzrechtlichen Bestimmungen des Bundes (Datenschutzgesetz, DSG) hat jede Person Anspruch auf Schutz ihrer Privatsph\u00e4re sowie auf Schutz vor Missbrauch ihrer pers\u00f6nlichen Daten. Die Betreiber dieser Seiten nehmen den Schutz Ihrer pers\u00f6nlichen Daten [&hellip;]<\/p>\n","protected":false},"author":1,"featured_media":0,"parent":0,"menu_order":0,"comment_status":"closed","ping_status":"closed","template":"","meta":{"_et_pb_use_builder":"","_et_pb_old_content":"","_et_gb_content_width":"2880","ngg_post_thumbnail":0,"footnotes":""},"class_list":["post-24621","page","type-page","status-publish","hentry"],"_links":{"self":[{"href":"https:\/\/www.oldie-team.ch\/boswil\/wp-json\/wp\/v2\/pages\/24621","targetHints":{"allow":["GET"]}}],"collection":[{"href":"https:\/\/www.oldie-team.ch\/boswil\/wp-json\/wp\/v2\/pages"}],"about":[{"href":"https:\/\/www.oldie-team.ch\/boswil\/wp-json\/wp\/v2\/types\/page"}],"author":[{"embeddable":true,"href":"https:\/\/www.oldie-team.ch\/boswil\/wp-json\/wp\/v2\/users\/1"}],"replies":[{"embeddable":true,"href":"https:\/\/www.oldie-team.ch\/boswil\/wp-json\/wp\/v2\/comments?post=24621"}],"version-history":[{"count":4,"href":"https:\/\/www.oldie-team.ch\/boswil\/wp-json\/wp\/v2\/pages\/24621\/revisions"}],"predecessor-version":[{"id":24784,"href":"https:\/\/www.oldie-team.ch\/boswil\/wp-json\/wp\/v2\/pages\/24621\/revisions\/24784"}],"wp:attachment":[{"href":"https:\/\/www.oldie-team.ch\/boswil\/wp-json\/wp\/v2\/media?parent=24621"}],"curies":[{"name":"wp","href":"https:\/\/api.w.org\/{rel}","templated":true}]}}