{"id":10,"date":"2015-02-10T17:06:57","date_gmt":"2015-02-10T16:06:57","guid":{"rendered":"https:\/\/www.oldie-team.ch\/boswil\/?page_id=10"},"modified":"2025-05-03T11:45:11","modified_gmt":"2025-05-03T09:45:11","slug":"unser-team","status":"publish","type":"page","link":"https:\/\/www.oldie-team.ch\/boswil\/unser-team\/","title":{"rendered":"Unser Team"},"content":{"rendered":"<p>[et_pb_section fb_built=&#8220;1&#8243; fullwidth=&#8220;on&#8220; disabled_on=&#8220;off|off|off&#8220; _builder_version=&#8220;4.27.4&#8243; _module_preset=&#8220;default&#8220; global_colors_info=&#8220;{}&#8220;][et_pb_fullwidth_slider _builder_version=&#8220;4.27.4&#8243; _module_preset=&#8220;default&#8220; height=&#8220;498px&#8220; height_tablet=&#8220;329px&#8220; height_phone=&#8220;270px&#8220; height_last_edited=&#8220;on|phone&#8220; auto=&#8220;on&#8220; hover_enabled=&#8220;0&#8243; global_colors_info=&#8220;{}&#8220; sticky_enabled=&#8220;0&#8243;][et_pb_slide _builder_version=&#8220;4.27.4&#8243; _module_preset=&#8220;default&#8220; background_enable_color=&#8220;off&#8220; background_image=&#8220;https:\/\/www.oldie-team.ch\/boswil\/wp-content\/uploads\/Gruppe-2023.jpg&#8220; background_enable_image=&#8220;on&#8220; global_colors_info=&#8220;{}&#8220; sticky_transition=&#8220;on&#8220;][\/et_pb_slide][et_pb_slide _builder_version=&#8220;4.27.4&#8243; _module_preset=&#8220;default&#8220; background_enable_color=&#8220;off&#8220; background_image=&#8220;https:\/\/www.oldie-team.ch\/boswil\/wp-content\/uploads\/Fahne.jpg&#8220; background_enable_image=&#8220;on&#8220; global_colors_info=&#8220;{}&#8220; sticky_transition=&#8220;on&#8220;][\/et_pb_slide][et_pb_slide _builder_version=&#8220;4.27.4&#8243; _module_preset=&#8220;default&#8220; background_enable_color=&#8220;off&#8220; background_image=&#8220;https:\/\/www.oldie-team.ch\/boswil\/wp-content\/uploads\/Team-2019.jpg&#8220; background_enable_image=&#8220;on&#8220; global_colors_info=&#8220;{}&#8220; sticky_transition=&#8220;on&#8220;][\/et_pb_slide][et_pb_slide _builder_version=&#8220;4.27.4&#8243; _module_preset=&#8220;default&#8220; title_text=&#8220;1116_31&#8243; background_image=&#8220;https:\/\/www.oldie-team.ch\/boswil\/wp-content\/uploads\/1116_31.jpg&#8220; background_enable_image=&#8220;on&#8220; hover_enabled=&#8220;0&#8243; sticky_enabled=&#8220;0&#8243;][\/et_pb_slide][\/et_pb_fullwidth_slider][\/et_pb_section][et_pb_section fb_built=&#8220;1&#8243; admin_label=&#8220;section&#8220; _builder_version=&#8220;4.27.4&#8243; use_background_color_gradient=&#8220;on&#8220; background_color_gradient_stops=&#8220;#fee000 0%|#ffffff 33%&#8220; global_colors_info=&#8220;{}&#8220;][et_pb_row admin_label=&#8220;row&#8220; _builder_version=&#8220;4.16&#8243; background_size=&#8220;initial&#8220; background_position=&#8220;top_left&#8220; background_repeat=&#8220;repeat&#8220; global_colors_info=&#8220;{}&#8220;][et_pb_column type=&#8220;4_4&#8243; _builder_version=&#8220;4.16&#8243; custom_padding=&#8220;|||&#8220; global_colors_info=&#8220;{}&#8220; custom_padding__hover=&#8220;|||&#8220;][et_pb_heading title=&#8220;Unser Team&#8220; _builder_version=&#8220;4.27.4&#8243; _module_preset=&#8220;default&#8220; global_colors_info=&#8220;{}&#8220;][\/et_pb_heading][et_pb_text _builder_version=&#8220;4.27.4&#8243; _module_preset=&#8220;default&#8220; global_colors_info=&#8220;{}&#8220;]<\/p>\n<p style=\"font-weight: 400;\"><strong>Fasnacht im Jahr 2000<\/strong><\/p>\n<p style=\"font-weight: 400;\">Im Jahr 2000 wurde die allererste Oldiebar ins Leben gerufen. Die Idee entstand aus der Notwendigkeit, einen neuen Treffpunkt f\u00fcr alle Fasnachtsbegeisterten in der Region zu schaffen, da kein \u00f6ffentlicher Fasnachtsanlass mehr stattfand. Innerhalb von nur zwei Wochen wurde die Organisation auf die Beine gestellt und die Oldiebar beim Hottenpeter \u00f6ffnete ihre Tore.<\/p>\n<p style=\"font-weight: 400;\">Diese Initiative war ein gro\u00dfer Erfolg und bot eine gro\u00dfartige M\u00f6glichkeit f\u00fcr alle, die Fasnacht zu feiern, sich zu treffen und gemeinsam die Traditionen zu pflegen. Die spontane und schnelle Organisation zeigt das Engagement und die Leidenschaft der Gemeinschaft f\u00fcr die Fasnacht.<\/p>\n<p style=\"font-weight: 400;\">\n<p style=\"font-weight: 400;\"><strong>Das Oldie-Team Boswil<\/strong><\/p>\n<p style=\"font-weight: 400;\">Aus dieser Zusammenarbeit entstand die Interessengruppe Oldie-Team Boswil. Seither organisiert das Oldie-Team j\u00e4hrlich an zwei Tagen eine Oldiebar in einem leerstehenden Geb\u00e4ude in Boswil. Ein traditionelles Highlight der Veranstaltung sind die feinen G\u00fcggeli vom Holzofengrill, die bei den Besuchern sehr beliebt sind.<\/p>\n<p style=\"font-weight: 400;\">\n<p style=\"font-weight: 400;\"><strong>Ein Wilder Haufen voller Kreativit\u00e4t<\/strong><\/p>\n<p style=\"font-weight: 400;\">Die Interessengruppe ist ein wilder Haufen von kreativen K\u00f6pfen im Alter von 8 bis 80 Jahren, in dem drei Generationen ihre Ideen und ihre Leidenschaft f\u00fcr die Fasnacht ausleben. Der Erl\u00f6s der Veranstaltungen kommt den Gruppierungen von Boswil und Kallern im Dorf zugute. Dies st\u00e4rkt nicht nur das Gemeinschaftsgef\u00fchl, sondern unterst\u00fctzt auch lokale Projekte und Initiativen.<\/p>\n<p style=\"font-weight: 400;\">Die Oldiebar ist zu einer festen Institution geworden, die j\u00e4hrlich zahlreiche Besucher anzieht und die Fasnachtstradition in unserer Region lebendig h\u00e4lt. Wir freuen uns darauf, auch in den kommenden Jahren viele weitere unvergessliche Momente in der Oldiebar zu erleben.<\/p>\n<p>[\/et_pb_text][\/et_pb_column][\/et_pb_row][\/et_pb_section][et_pb_section fb_built=&#8220;1&#8243; _builder_version=&#8220;4.27.4&#8243; _module_preset=&#8220;default&#8220; global_colors_info=&#8220;{}&#8220;][et_pb_row _builder_version=&#8220;4.27.4&#8243; _module_preset=&#8220;default&#8220; global_colors_info=&#8220;{}&#8220;][et_pb_column type=&#8220;4_4&#8243; _builder_version=&#8220;4.27.4&#8243; _module_preset=&#8220;default&#8220; global_colors_info=&#8220;{}&#8220;][et_pb_contact_form email=&#8220;&#x6f;&#x6c;&#x64;&#x69;&#x65;&#x74;&#x65;&#97;&#109;&#64;&#103;&#109;x&#46;ch&#8220; title=&#8220;Kontakt&#8220; success_message=&#8220;Vielen Dank f\u00fcr deine Mitteilung&#8220; _builder_version=&#8220;4.27.4&#8243; _module_preset=&#8220;default&#8220; _unique_id=&#8220;254298d0-13b8-423c-97f1-3996349eaea7&#8243; global_colors_info=&#8220;{}&#8220;][et_pb_contact_field field_id=&#8220;Name&#8220; field_title=&#8220;Name&#8220; _builder_version=&#8220;4.16&#8243; global_colors_info=&#8220;{}&#8220; button_text_size__hover_enabled=&#8220;off&#8220; button_one_text_size__hover_enabled=&#8220;off&#8220; button_two_text_size__hover_enabled=&#8220;off&#8220; button_text_color__hover_enabled=&#8220;off&#8220; button_one_text_color__hover_enabled=&#8220;off&#8220; button_two_text_color__hover_enabled=&#8220;off&#8220; button_border_width__hover_enabled=&#8220;off&#8220; button_one_border_width__hover_enabled=&#8220;off&#8220; button_two_border_width__hover_enabled=&#8220;off&#8220; button_border_color__hover_enabled=&#8220;off&#8220; button_one_border_color__hover_enabled=&#8220;off&#8220; button_two_border_color__hover_enabled=&#8220;off&#8220; button_border_radius__hover_enabled=&#8220;off&#8220; button_one_border_radius__hover_enabled=&#8220;off&#8220; button_two_border_radius__hover_enabled=&#8220;off&#8220; button_letter_spacing__hover_enabled=&#8220;off&#8220; button_one_letter_spacing__hover_enabled=&#8220;off&#8220; button_two_letter_spacing__hover_enabled=&#8220;off&#8220; button_bg_color__hover_enabled=&#8220;off&#8220; button_one_bg_color__hover_enabled=&#8220;off&#8220; button_two_bg_color__hover_enabled=&#8220;off&#8220;][\/et_pb_contact_field][et_pb_contact_field field_id=&#8220;Email&#8220; field_title=&#8220;E-Mail-Adresse&#8220; field_type=&#8220;email&#8220; _builder_version=&#8220;4.16&#8243; global_colors_info=&#8220;{}&#8220; button_text_size__hover_enabled=&#8220;off&#8220; button_one_text_size__hover_enabled=&#8220;off&#8220; button_two_text_size__hover_enabled=&#8220;off&#8220; button_text_color__hover_enabled=&#8220;off&#8220; button_one_text_color__hover_enabled=&#8220;off&#8220; button_two_text_color__hover_enabled=&#8220;off&#8220; button_border_width__hover_enabled=&#8220;off&#8220; button_one_border_width__hover_enabled=&#8220;off&#8220; button_two_border_width__hover_enabled=&#8220;off&#8220; button_border_color__hover_enabled=&#8220;off&#8220; button_one_border_color__hover_enabled=&#8220;off&#8220; button_two_border_color__hover_enabled=&#8220;off&#8220; button_border_radius__hover_enabled=&#8220;off&#8220; button_one_border_radius__hover_enabled=&#8220;off&#8220; button_two_border_radius__hover_enabled=&#8220;off&#8220; button_letter_spacing__hover_enabled=&#8220;off&#8220; button_one_letter_spacing__hover_enabled=&#8220;off&#8220; button_two_letter_spacing__hover_enabled=&#8220;off&#8220; button_bg_color__hover_enabled=&#8220;off&#8220; button_one_bg_color__hover_enabled=&#8220;off&#8220; button_two_bg_color__hover_enabled=&#8220;off&#8220;][\/et_pb_contact_field][et_pb_contact_field field_id=&#8220;Message&#8220; field_title=&#8220;Nachricht&#8220; field_type=&#8220;text&#8220; fullwidth_field=&#8220;on&#8220; _builder_version=&#8220;4.16&#8243; global_colors_info=&#8220;{}&#8220; button_text_size__hover_enabled=&#8220;off&#8220; button_one_text_size__hover_enabled=&#8220;off&#8220; button_two_text_size__hover_enabled=&#8220;off&#8220; button_text_color__hover_enabled=&#8220;off&#8220; button_one_text_color__hover_enabled=&#8220;off&#8220; button_two_text_color__hover_enabled=&#8220;off&#8220; button_border_width__hover_enabled=&#8220;off&#8220; button_one_border_width__hover_enabled=&#8220;off&#8220; button_two_border_width__hover_enabled=&#8220;off&#8220; button_border_color__hover_enabled=&#8220;off&#8220; button_one_border_color__hover_enabled=&#8220;off&#8220; button_two_border_color__hover_enabled=&#8220;off&#8220; button_border_radius__hover_enabled=&#8220;off&#8220; button_one_border_radius__hover_enabled=&#8220;off&#8220; button_two_border_radius__hover_enabled=&#8220;off&#8220; button_letter_spacing__hover_enabled=&#8220;off&#8220; button_one_letter_spacing__hover_enabled=&#8220;off&#8220; button_two_letter_spacing__hover_enabled=&#8220;off&#8220; button_bg_color__hover_enabled=&#8220;off&#8220; button_one_bg_color__hover_enabled=&#8220;off&#8220; button_two_bg_color__hover_enabled=&#8220;off&#8220;][\/et_pb_contact_field][\/et_pb_contact_form][\/et_pb_column][\/et_pb_row][\/et_pb_section]<\/p>\n","protected":false},"excerpt":{"rendered":"<p>Fasnacht im Jahr 2000 Im Jahr 2000 wurde die allererste Oldiebar ins Leben gerufen. Die Idee entstand aus der Notwendigkeit, einen neuen Treffpunkt f\u00fcr alle Fasnachtsbegeisterten in der Region zu schaffen, da kein \u00f6ffentlicher Fasnachtsanlass mehr stattfand. Innerhalb von nur zwei Wochen wurde die Organisation auf die Beine gestellt und die Oldiebar beim Hottenpeter \u00f6ffnete [&hellip;]<\/p>\n","protected":false},"author":1,"featured_media":0,"parent":0,"menu_order":4,"comment_status":"open","ping_status":"open","template":"","meta":{"_et_pb_use_builder":"on","_et_pb_old_content":"<h1>Unser Team<\/h1>\n[excel_table file=\"listen.xlsx\" table=\"Team\"]\n\nSenden Sie uns eine E-Mail an <a href=\"mailto:postmaster@oldie-team.ch\">postmaster@oldie-team.ch<\/a>\n<table style=\"width: 100%;\" border=\"0\" cellspacing=\"0\" cellpadding=\"0\">\n<tbody>\n<tr>\n<td style=\"width: 33%; text-align: left;\"><a href=\"http:\/\/www.elektrokoch.ch\/\" target=\"_blank\" rel=\"noopener noreferrer\">\u00a0<\/a><\/td>\n<td style=\"width: 33%; text-align: center;\"><\/td>\n<td style=\"width: 33%; text-align: right;\"><\/td>\n<\/tr>\n<tr>\n<td style=\"width: 33%;\"><\/td>\n<td style=\"width: 33%;\"><\/td>\n<td style=\"width: 33%;\" data-wp-editing=\"1\"><\/td>\n<\/tr>\n<tr>\n<td style=\"width: 33%; text-align: left;\"><img class=\"alignnone wp-image-777\" src=\"https:\/\/www.oldie-team.ch\/boswil\/wp-content\/uploads\/Roland-Trittmann-775x516.jpg\" alt=\"\" width=\"270\" height=\"180\" \/><\/td>\n<td style=\"width: 33%; text-align: center;\"><a href=\"mailto:moser78@gmx.ch\"><img class=\"alignnone wp-image-131 size-full\" src=\"https:\/\/www.oldie-team.ch\/boswil\/wp-content\/uploads\/visitenkarte_hristoph.jpg\" alt=\"visitenkarte_hristoph\" width=\"154\" height=\"233\" \/><\/a><\/td>\n<td style=\"width: 33%; text-align: right;\"><a href=\"mailto:berti.maeder@channoine-partner.com\" data-wp-editing=\"1\"><img class=\"alignnone wp-image-135\" src=\"https:\/\/www.oldie-team.ch\/boswil\/wp-content\/uploads\/visitenkarte_wisi_berti.jpg\" alt=\"visitenkarte_wisi_berti\" width=\"240\" height=\"180\" \/><\/a><\/td>\n<\/tr>\n<\/tbody>\n<\/table>","_et_gb_content_width":"","ngg_post_thumbnail":0,"footnotes":""},"class_list":["post-10","page","type-page","status-publish","hentry"],"_links":{"self":[{"href":"https:\/\/www.oldie-team.ch\/boswil\/wp-json\/wp\/v2\/pages\/10","targetHints":{"allow":["GET"]}}],"collection":[{"href":"https:\/\/www.oldie-team.ch\/boswil\/wp-json\/wp\/v2\/pages"}],"about":[{"href":"https:\/\/www.oldie-team.ch\/boswil\/wp-json\/wp\/v2\/types\/page"}],"author":[{"embeddable":true,"href":"https:\/\/www.oldie-team.ch\/boswil\/wp-json\/wp\/v2\/users\/1"}],"replies":[{"embeddable":true,"href":"https:\/\/www.oldie-team.ch\/boswil\/wp-json\/wp\/v2\/comments?post=10"}],"version-history":[{"count":42,"href":"https:\/\/www.oldie-team.ch\/boswil\/wp-json\/wp\/v2\/pages\/10\/revisions"}],"predecessor-version":[{"id":25604,"href":"https:\/\/www.oldie-team.ch\/boswil\/wp-json\/wp\/v2\/pages\/10\/revisions\/25604"}],"wp:attachment":[{"href":"https:\/\/www.oldie-team.ch\/boswil\/wp-json\/wp\/v2\/media?parent=10"}],"curies":[{"name":"wp","href":"https:\/\/api.w.org\/{rel}","templated":true}]}}